{"id":1864,"date":"2025-04-28T19:22:56","date_gmt":"2025-04-28T22:22:56","guid":{"rendered":"https:\/\/mooven4d.com.br\/hinosistemas\/?page_id=1864"},"modified":"2025-05-13T16:29:59","modified_gmt":"2025-05-13T19:29:59","slug":"galeria-de-arquivos","status":"publish","type":"page","link":"https:\/\/mooven4d.com.br\/hinosistemas\/galeria-de-arquivos\/","title":{"rendered":"Galeria de arquivos"},"content":{"rendered":"\t\t<div data-elementor-type=\"wp-page\" data-elementor-id=\"1864\" class=\"elementor elementor-1864\" data-elementor-post-type=\"page\">\n\t\t\t\t<div class=\"elementor-element elementor-element-9a5f70b e-con-full e-flex e-con e-parent\" data-id=\"9a5f70b\" data-element_type=\"container\">\n\t\t\t\t<div class=\"elementor-element elementor-element-60068fd elementor-widget elementor-widget-template\" data-id=\"60068fd\" data-element_type=\"widget\" data-widget_type=\"template.default\">\n\t\t\t\t<div class=\"elementor-widget-container\">\n\t\t\t\t\t\t\t<div class=\"elementor-template\">\n\t\t\t\t\t<div data-elementor-type=\"error-404\" data-elementor-id=\"172\" class=\"elementor elementor-172\" data-elementor-post-type=\"elementor_library\">\n\t\t\t<div class=\"elementor-element elementor-element-2989411c e-con-full e-flex e-con e-parent\" data-id=\"2989411c\" data-element_type=\"container\" data-settings=\"{&quot;background_background&quot;:&quot;classic&quot;}\">\n\t\t<div class=\"elementor-element elementor-element-778c0615 e-con-full e-flex e-con e-child\" data-id=\"778c0615\" data-element_type=\"container\">\n\t\t<div class=\"elementor-element elementor-element-f931e3f e-con-full e-flex e-con e-child\" data-id=\"f931e3f\" data-element_type=\"container\">\n\t\t\t\t<div class=\"elementor-element elementor-element-2f4520b5 elementor-invisible elementor-widget elementor-widget-heading\" data-id=\"2f4520b5\" data-element_type=\"widget\" data-settings=\"{&quot;_animation&quot;:&quot;fadeIn&quot;}\" data-widget_type=\"heading.default\">\n\t\t\t\t<div class=\"elementor-widget-container\">\n\t\t\t\t\t<h1 class=\"elementor-heading-title elementor-size-default\">Oops...P\u00e1gina n\u00e3o encontrada<\/h1>\t\t\t\t<\/div>\n\t\t\t\t<\/div>\n\t\t\t\t<div class=\"elementor-element elementor-element-559ba1fb elementor-invisible elementor-widget elementor-widget-heading\" data-id=\"559ba1fb\" data-element_type=\"widget\" data-settings=\"{&quot;_animation&quot;:&quot;fadeIn&quot;,&quot;_animation_delay&quot;:200}\" data-widget_type=\"heading.default\">\n\t\t\t\t<div class=\"elementor-widget-container\">\n\t\t\t\t\t<h5 class=\"elementor-heading-title elementor-size-default\">A p\u00e1gina que voc\u00ea busca no momento est\u00e1 indispon\u00edvel ou inacess\u00edvel.<\/h5>\t\t\t\t<\/div>\n\t\t\t\t<\/div>\n\t\t\t\t<div class=\"elementor-element elementor-element-62262a90 elementor-tablet-align-center elementor-mobile-align-center elementor-invisible elementor-widget elementor-widget-button\" data-id=\"62262a90\" data-element_type=\"widget\" data-settings=\"{&quot;_animation&quot;:&quot;fadeIn&quot;,&quot;_animation_delay&quot;:400}\" data-widget_type=\"button.default\">\n\t\t\t\t<div class=\"elementor-widget-container\">\n\t\t\t\t\t\t\t\t\t<div class=\"elementor-button-wrapper\">\n\t\t\t\t\t<a class=\"elementor-button elementor-button-link elementor-size-sm\" href=\"https:\/\/mooven4d.com.br\/hinosistemas\">\n\t\t\t\t\t\t<span class=\"elementor-button-content-wrapper\">\n\t\t\t\t\t\t\t\t\t<span class=\"elementor-button-text\">Ir para a Home<\/span>\n\t\t\t\t\t<\/span>\n\t\t\t\t\t<\/a>\n\t\t\t\t<\/div>\n\t\t\t\t\t\t\t\t<\/div>\n\t\t\t\t<\/div>\n\t\t\t\t<\/div>\n\t\t\t\t<\/div>\n\t\t<div class=\"elementor-element elementor-element-7ffe0a1c e-con-full e-flex e-con e-child\" data-id=\"7ffe0a1c\" data-element_type=\"container\" data-settings=\"{&quot;background_background&quot;:&quot;classic&quot;}\">\n\t\t\t\t<div class=\"elementor-element elementor-element-edafde6 elementor-widget elementor-widget-theme-site-logo elementor-widget-image\" data-id=\"edafde6\" data-element_type=\"widget\" data-widget_type=\"theme-site-logo.default\">\n\t\t\t\t<div class=\"elementor-widget-container\">\n\t\t\t\t\t\t\t\t\t\t\t<a href=\"https:\/\/mooven4d.com.br\/hinosistemas\">\n\t\t\t<img fetchpriority=\"high\" decoding=\"async\" width=\"578\" height=\"207\" src=\"https:\/\/mooven4d.com.br\/hinosistemas\/wp-content\/uploads\/sites\/13\/2025\/05\/logo-4d-azul.svg\" class=\"attachment-full size-full wp-image-3565\" alt=\"\" \/>\t\t\t\t<\/a>\n\t\t\t\t\t\t\t\t\t\t\t<\/div>\n\t\t\t\t<\/div>\n\t\t\t\t<\/div>\n\t\t\t\t<\/div>\n\t\t\t\t<\/div>\n\t\t\t\t<\/div>\n\t\t\t\t\t\t<\/div>\n\t\t\t\t<\/div>\n\t\t\t\t<\/div>\n\t\t\t\t<\/div>\n\t\t","protected":false},"excerpt":{"rendered":"<p>Galeria de arquivos Confira abaixo todos os arquivos utilizados durante a transforma\u00e7\u00e3o Baixar todos Geral Geral Agendas Dimens\u00f5es<\/p>\n","protected":false},"author":1,"featured_media":0,"parent":0,"menu_order":0,"comment_status":"closed","ping_status":"closed","template":"","meta":{"_acf_changed":false,"footnotes":""},"class_list":["post-1864","page","type-page","status-publish","hentry"],"acf":[],"yoast_head":"<!-- This site is optimized with the Yoast SEO plugin v26.1.1 - https:\/\/yoast.com\/wordpress\/plugins\/seo\/ -->\n<title>Galeria de arquivos - Mooven 4D - Hino Sistemas<\/title>\n<meta name=\"robots\" content=\"index, follow, max-snippet:-1, max-image-preview:large, max-video-preview:-1\" \/>\n<link rel=\"canonical\" href=\"https:\/\/mooven4d.com.br\/hinosistemas\/galeria-de-arquivos\/\" \/>\n<meta property=\"og:locale\" content=\"pt_BR\" \/>\n<meta property=\"og:type\" content=\"article\" \/>\n<meta property=\"og:title\" content=\"Galeria de arquivos - Mooven 4D - Hino Sistemas\" \/>\n<meta property=\"og:description\" content=\"Galeria de arquivos Confira abaixo todos os arquivos utilizados durante a transforma\u00e7\u00e3o Baixar todos Geral Geral Agendas Dimens\u00f5es\" \/>\n<meta property=\"og:url\" content=\"https:\/\/mooven4d.com.br\/hinosistemas\/galeria-de-arquivos\/\" \/>\n<meta property=\"og:site_name\" content=\"Mooven 4D - Hino Sistemas\" \/>\n<meta property=\"article:modified_time\" content=\"2025-05-13T19:29:59+00:00\" \/>\n<meta name=\"twitter:card\" content=\"summary_large_image\" \/>\n<script type=\"application\/ld+json\" class=\"yoast-schema-graph\">{\"@context\":\"https:\/\/schema.org\",\"@graph\":[{\"@type\":\"WebPage\",\"@id\":\"https:\/\/mooven4d.com.br\/hinosistemas\/galeria-de-arquivos\/\",\"url\":\"https:\/\/mooven4d.com.br\/hinosistemas\/galeria-de-arquivos\/\",\"name\":\"Galeria de arquivos - Mooven 4D - Hino Sistemas\",\"isPartOf\":{\"@id\":\"https:\/\/mooven4d.com.br\/hinosistemas\/#website\"},\"datePublished\":\"2025-04-28T22:22:56+00:00\",\"dateModified\":\"2025-05-13T19:29:59+00:00\",\"breadcrumb\":{\"@id\":\"https:\/\/mooven4d.com.br\/hinosistemas\/galeria-de-arquivos\/#breadcrumb\"},\"inLanguage\":\"pt-BR\",\"potentialAction\":[{\"@type\":\"ReadAction\",\"target\":[\"https:\/\/mooven4d.com.br\/hinosistemas\/galeria-de-arquivos\/\"]}]},{\"@type\":\"BreadcrumbList\",\"@id\":\"https:\/\/mooven4d.com.br\/hinosistemas\/galeria-de-arquivos\/#breadcrumb\",\"itemListElement\":[{\"@type\":\"ListItem\",\"position\":1,\"name\":\"Home\",\"item\":\"https:\/\/mooven4d.com.br\/hinosistemas\/\"},{\"@type\":\"ListItem\",\"position\":2,\"name\":\"Galeria de arquivos\"}]},{\"@type\":\"WebSite\",\"@id\":\"https:\/\/mooven4d.com.br\/hinosistemas\/#website\",\"url\":\"https:\/\/mooven4d.com.br\/hinosistemas\/\",\"name\":\"Mooven 4D - Hino Sistemas\",\"description\":\"\",\"publisher\":{\"@id\":\"https:\/\/mooven4d.com.br\/hinosistemas\/#organization\"},\"potentialAction\":[{\"@type\":\"SearchAction\",\"target\":{\"@type\":\"EntryPoint\",\"urlTemplate\":\"https:\/\/mooven4d.com.br\/hinosistemas\/?s={search_term_string}\"},\"query-input\":{\"@type\":\"PropertyValueSpecification\",\"valueRequired\":true,\"valueName\":\"search_term_string\"}}],\"inLanguage\":\"pt-BR\"},{\"@type\":\"Organization\",\"@id\":\"https:\/\/mooven4d.com.br\/hinosistemas\/#organization\",\"name\":\"Mooven 4D - Hino Sistemas\",\"url\":\"https:\/\/mooven4d.com.br\/hinosistemas\/\",\"logo\":{\"@type\":\"ImageObject\",\"inLanguage\":\"pt-BR\",\"@id\":\"https:\/\/mooven4d.com.br\/hinosistemas\/#\/schema\/logo\/image\/\",\"url\":\"https:\/\/mooven4d.com.br\/hinosistemas\/wp-content\/uploads\/sites\/13\/2025\/05\/logo-4d-azul.svg\",\"contentUrl\":\"https:\/\/mooven4d.com.br\/hinosistemas\/wp-content\/uploads\/sites\/13\/2025\/05\/logo-4d-azul.svg\",\"width\":578,\"height\":207,\"caption\":\"Mooven 4D - Hino Sistemas\"},\"image\":{\"@id\":\"https:\/\/mooven4d.com.br\/hinosistemas\/#\/schema\/logo\/image\/\"}}]}<\/script>\n<!-- \/ Yoast SEO plugin. -->","yoast_head_json":{"title":"Galeria de arquivos - Mooven 4D - Hino Sistemas","robots":{"index":"index","follow":"follow","max-snippet":"max-snippet:-1","max-image-preview":"max-image-preview:large","max-video-preview":"max-video-preview:-1"},"canonical":"https:\/\/mooven4d.com.br\/hinosistemas\/galeria-de-arquivos\/","og_locale":"pt_BR","og_type":"article","og_title":"Galeria de arquivos - Mooven 4D - Hino Sistemas","og_description":"Galeria de arquivos Confira abaixo todos os arquivos utilizados durante a transforma\u00e7\u00e3o Baixar todos Geral Geral Agendas Dimens\u00f5es","og_url":"https:\/\/mooven4d.com.br\/hinosistemas\/galeria-de-arquivos\/","og_site_name":"Mooven 4D - Hino Sistemas","article_modified_time":"2025-05-13T19:29:59+00:00","twitter_card":"summary_large_image","schema":{"@context":"https:\/\/schema.org","@graph":[{"@type":"WebPage","@id":"https:\/\/mooven4d.com.br\/hinosistemas\/galeria-de-arquivos\/","url":"https:\/\/mooven4d.com.br\/hinosistemas\/galeria-de-arquivos\/","name":"Galeria de arquivos - Mooven 4D - Hino Sistemas","isPartOf":{"@id":"https:\/\/mooven4d.com.br\/hinosistemas\/#website"},"datePublished":"2025-04-28T22:22:56+00:00","dateModified":"2025-05-13T19:29:59+00:00","breadcrumb":{"@id":"https:\/\/mooven4d.com.br\/hinosistemas\/galeria-de-arquivos\/#breadcrumb"},"inLanguage":"pt-BR","potentialAction":[{"@type":"ReadAction","target":["https:\/\/mooven4d.com.br\/hinosistemas\/galeria-de-arquivos\/"]}]},{"@type":"BreadcrumbList","@id":"https:\/\/mooven4d.com.br\/hinosistemas\/galeria-de-arquivos\/#breadcrumb","itemListElement":[{"@type":"ListItem","position":1,"name":"Home","item":"https:\/\/mooven4d.com.br\/hinosistemas\/"},{"@type":"ListItem","position":2,"name":"Galeria de arquivos"}]},{"@type":"WebSite","@id":"https:\/\/mooven4d.com.br\/hinosistemas\/#website","url":"https:\/\/mooven4d.com.br\/hinosistemas\/","name":"Mooven 4D - Hino Sistemas","description":"","publisher":{"@id":"https:\/\/mooven4d.com.br\/hinosistemas\/#organization"},"potentialAction":[{"@type":"SearchAction","target":{"@type":"EntryPoint","urlTemplate":"https:\/\/mooven4d.com.br\/hinosistemas\/?s={search_term_string}"},"query-input":{"@type":"PropertyValueSpecification","valueRequired":true,"valueName":"search_term_string"}}],"inLanguage":"pt-BR"},{"@type":"Organization","@id":"https:\/\/mooven4d.com.br\/hinosistemas\/#organization","name":"Mooven 4D - Hino Sistemas","url":"https:\/\/mooven4d.com.br\/hinosistemas\/","logo":{"@type":"ImageObject","inLanguage":"pt-BR","@id":"https:\/\/mooven4d.com.br\/hinosistemas\/#\/schema\/logo\/image\/","url":"https:\/\/mooven4d.com.br\/hinosistemas\/wp-content\/uploads\/sites\/13\/2025\/05\/logo-4d-azul.svg","contentUrl":"https:\/\/mooven4d.com.br\/hinosistemas\/wp-content\/uploads\/sites\/13\/2025\/05\/logo-4d-azul.svg","width":578,"height":207,"caption":"Mooven 4D - Hino Sistemas"},"image":{"@id":"https:\/\/mooven4d.com.br\/hinosistemas\/#\/schema\/logo\/image\/"}}]}},"_links":{"self":[{"href":"https:\/\/mooven4d.com.br\/hinosistemas\/wp-json\/wp\/v2\/pages\/1864","targetHints":{"allow":["GET"]}}],"collection":[{"href":"https:\/\/mooven4d.com.br\/hinosistemas\/wp-json\/wp\/v2\/pages"}],"about":[{"href":"https:\/\/mooven4d.com.br\/hinosistemas\/wp-json\/wp\/v2\/types\/page"}],"author":[{"embeddable":true,"href":"https:\/\/mooven4d.com.br\/hinosistemas\/wp-json\/wp\/v2\/users\/1"}],"replies":[{"embeddable":true,"href":"https:\/\/mooven4d.com.br\/hinosistemas\/wp-json\/wp\/v2\/comments?post=1864"}],"version-history":[{"count":0,"href":"https:\/\/mooven4d.com.br\/hinosistemas\/wp-json\/wp\/v2\/pages\/1864\/revisions"}],"wp:attachment":[{"href":"https:\/\/mooven4d.com.br\/hinosistemas\/wp-json\/wp\/v2\/media?parent=1864"}],"curies":[{"name":"wp","href":"https:\/\/api.w.org\/{rel}","templated":true}]}}