{"id":2316,"date":"2025-05-05T17:32:00","date_gmt":"2025-05-05T20:32:00","guid":{"rendered":"https:\/\/mooven4d.com.br\/default-install\/?page_id=2316"},"modified":"2025-05-19T12:46:49","modified_gmt":"2025-05-19T15:46:49","slug":"lista-priorizada-de-entregas","status":"publish","type":"page","link":"https:\/\/mooven4d.com.br\/default-install\/direcao\/lista-priorizada-de-entregas\/","title":{"rendered":"Lista priorizada"},"content":{"rendered":"\t\t<div data-elementor-type=\"wp-page\" data-elementor-id=\"2316\" class=\"elementor elementor-2316\" data-elementor-post-type=\"page\">\n\t\t\t\t<div class=\"elementor-element elementor-element-08038b6 e-con-full e-flex e-con e-parent\" data-id=\"08038b6\" data-element_type=\"container\">\n\t\t\t\t<div class=\"elementor-element elementor-element-5fd4f0c elementor-widget elementor-widget-template\" data-id=\"5fd4f0c\" data-element_type=\"widget\" data-widget_type=\"template.default\">\n\t\t\t\t<div class=\"elementor-widget-container\">\n\t\t\t\t\t\t\t<div class=\"elementor-template\">\n\t\t\t\t\t<div data-elementor-type=\"error-404\" data-elementor-id=\"172\" class=\"elementor elementor-172\" data-elementor-post-type=\"elementor_library\">\n\t\t\t<div class=\"elementor-element elementor-element-2989411c e-con-full e-flex e-con e-parent\" data-id=\"2989411c\" data-element_type=\"container\" data-settings=\"{&quot;background_background&quot;:&quot;classic&quot;}\">\n\t\t<div class=\"elementor-element elementor-element-778c0615 e-con-full e-flex e-con e-child\" data-id=\"778c0615\" data-element_type=\"container\">\n\t\t<div class=\"elementor-element elementor-element-f931e3f e-con-full e-flex e-con e-child\" data-id=\"f931e3f\" data-element_type=\"container\">\n\t\t\t\t<div class=\"elementor-element elementor-element-2f4520b5 elementor-invisible elementor-widget elementor-widget-heading\" data-id=\"2f4520b5\" data-element_type=\"widget\" data-settings=\"{&quot;_animation&quot;:&quot;fadeIn&quot;}\" data-widget_type=\"heading.default\">\n\t\t\t\t<div class=\"elementor-widget-container\">\n\t\t\t\t\t<h1 class=\"elementor-heading-title elementor-size-default\">Oops...P\u00e1gina n\u00e3o encontrada<\/h1>\t\t\t\t<\/div>\n\t\t\t\t<\/div>\n\t\t\t\t<div class=\"elementor-element elementor-element-559ba1fb elementor-invisible elementor-widget elementor-widget-heading\" data-id=\"559ba1fb\" data-element_type=\"widget\" data-settings=\"{&quot;_animation&quot;:&quot;fadeIn&quot;,&quot;_animation_delay&quot;:200}\" data-widget_type=\"heading.default\">\n\t\t\t\t<div class=\"elementor-widget-container\">\n\t\t\t\t\t<h5 class=\"elementor-heading-title elementor-size-default\">A p\u00e1gina que voc\u00ea busca no momento est\u00e1 indispon\u00edvel ou inacess\u00edvel.<\/h5>\t\t\t\t<\/div>\n\t\t\t\t<\/div>\n\t\t\t\t<div class=\"elementor-element elementor-element-62262a90 elementor-tablet-align-center elementor-mobile-align-center elementor-invisible elementor-widget elementor-widget-button\" data-id=\"62262a90\" data-element_type=\"widget\" data-settings=\"{&quot;_animation&quot;:&quot;fadeIn&quot;,&quot;_animation_delay&quot;:400}\" data-widget_type=\"button.default\">\n\t\t\t\t<div class=\"elementor-widget-container\">\n\t\t\t\t\t\t\t\t\t<div class=\"elementor-button-wrapper\">\n\t\t\t\t\t<a class=\"elementor-button elementor-button-link elementor-size-sm\" href=\"https:\/\/mooven4d.com.br\/default-install\">\n\t\t\t\t\t\t<span class=\"elementor-button-content-wrapper\">\n\t\t\t\t\t\t\t\t\t<span class=\"elementor-button-text\">Ir para a Home<\/span>\n\t\t\t\t\t<\/span>\n\t\t\t\t\t<\/a>\n\t\t\t\t<\/div>\n\t\t\t\t\t\t\t\t<\/div>\n\t\t\t\t<\/div>\n\t\t\t\t<\/div>\n\t\t\t\t<\/div>\n\t\t<div class=\"elementor-element elementor-element-7ffe0a1c e-con-full e-flex e-con e-child\" data-id=\"7ffe0a1c\" data-element_type=\"container\" data-settings=\"{&quot;background_background&quot;:&quot;classic&quot;}\">\n\t\t\t\t<div class=\"elementor-element elementor-element-edafde6 elementor-widget elementor-widget-theme-site-logo elementor-widget-image\" data-id=\"edafde6\" data-element_type=\"widget\" data-widget_type=\"theme-site-logo.default\">\n\t\t\t\t<div class=\"elementor-widget-container\">\n\t\t\t\t\t\t\t\t\t\t\t<a href=\"https:\/\/mooven4d.com.br\/default-install\">\n\t\t\t<img fetchpriority=\"high\" decoding=\"async\" width=\"578\" height=\"207\" src=\"https:\/\/mooven4d.com.br\/default-install\/wp-content\/uploads\/sites\/2\/2025\/05\/logo-4d-azul.svg\" class=\"attachment-full size-full wp-image-3565\" alt=\"\" \/>\t\t\t\t<\/a>\n\t\t\t\t\t\t\t\t\t\t\t<\/div>\n\t\t\t\t<\/div>\n\t\t\t\t<\/div>\n\t\t\t\t<\/div>\n\t\t\t\t<\/div>\n\t\t\t\t<\/div>\n\t\t\t\t\t\t<\/div>\n\t\t\t\t<\/div>\n\t\t\t\t<\/div>\n\t\t\t\t<\/div>\n\t\t","protected":false},"excerpt":{"rendered":"<p>Backlog de entregas Abaixo est\u00e3o organizadas todas as entregas planejadas para a transforma\u00e7ao da sua empresa Filtro Ver todosQuick WinCurto PrazoM\u00e9dio PrazoLongo Prazo Agendas realizadas<\/p>\n","protected":false},"author":1,"featured_media":0,"parent":2690,"menu_order":0,"comment_status":"closed","ping_status":"closed","template":"","meta":{"_acf_changed":false,"footnotes":""},"class_list":["post-2316","page","type-page","status-publish","hentry"],"acf":[],"yoast_head":"<!-- This site is optimized with the Yoast SEO plugin v26.1.1 - https:\/\/yoast.com\/wordpress\/plugins\/seo\/ -->\n<title>Lista priorizada - Mooven 4D - Default Install<\/title>\n<meta name=\"robots\" content=\"index, follow, max-snippet:-1, max-image-preview:large, max-video-preview:-1\" \/>\n<link rel=\"canonical\" href=\"https:\/\/mooven4d.com.br\/default-install\/direcao\/lista-priorizada-de-entregas\/\" \/>\n<meta property=\"og:locale\" content=\"pt_BR\" \/>\n<meta property=\"og:type\" content=\"article\" \/>\n<meta property=\"og:title\" content=\"Lista priorizada - Mooven 4D - Default Install\" \/>\n<meta property=\"og:description\" content=\"Backlog de entregas Abaixo est\u00e3o organizadas todas as entregas planejadas para a transforma\u00e7ao da sua empresa Filtro Ver todosQuick WinCurto PrazoM\u00e9dio PrazoLongo Prazo Agendas realizadas\" \/>\n<meta property=\"og:url\" content=\"https:\/\/mooven4d.com.br\/default-install\/direcao\/lista-priorizada-de-entregas\/\" \/>\n<meta property=\"og:site_name\" content=\"Mooven 4D - Default Install\" \/>\n<meta property=\"article:modified_time\" content=\"2025-05-19T15:46:49+00:00\" \/>\n<meta name=\"twitter:card\" content=\"summary_large_image\" \/>\n<script type=\"application\/ld+json\" class=\"yoast-schema-graph\">{\"@context\":\"https:\/\/schema.org\",\"@graph\":[{\"@type\":\"WebPage\",\"@id\":\"https:\/\/mooven4d.com.br\/default-install\/direcao\/lista-priorizada-de-entregas\/\",\"url\":\"https:\/\/mooven4d.com.br\/default-install\/direcao\/lista-priorizada-de-entregas\/\",\"name\":\"Lista priorizada - Mooven 4D - Default Install\",\"isPartOf\":{\"@id\":\"https:\/\/mooven4d.com.br\/default-install\/#website\"},\"datePublished\":\"2025-05-05T20:32:00+00:00\",\"dateModified\":\"2025-05-19T15:46:49+00:00\",\"breadcrumb\":{\"@id\":\"https:\/\/mooven4d.com.br\/default-install\/direcao\/lista-priorizada-de-entregas\/#breadcrumb\"},\"inLanguage\":\"pt-BR\",\"potentialAction\":[{\"@type\":\"ReadAction\",\"target\":[\"https:\/\/mooven4d.com.br\/default-install\/direcao\/lista-priorizada-de-entregas\/\"]}]},{\"@type\":\"BreadcrumbList\",\"@id\":\"https:\/\/mooven4d.com.br\/default-install\/direcao\/lista-priorizada-de-entregas\/#breadcrumb\",\"itemListElement\":[{\"@type\":\"ListItem\",\"position\":1,\"name\":\"Home\",\"item\":\"https:\/\/mooven4d.com.br\/default-install\/\"},{\"@type\":\"ListItem\",\"position\":2,\"name\":\"Dire\u00e7\u00e3o\",\"item\":\"https:\/\/mooven4d.com.br\/default-install\/direcao\/\"},{\"@type\":\"ListItem\",\"position\":3,\"name\":\"Lista priorizada\"}]},{\"@type\":\"WebSite\",\"@id\":\"https:\/\/mooven4d.com.br\/default-install\/#website\",\"url\":\"https:\/\/mooven4d.com.br\/default-install\/\",\"name\":\"Mooven 4D - Default Install\",\"description\":\"\",\"publisher\":{\"@id\":\"https:\/\/mooven4d.com.br\/default-install\/#organization\"},\"potentialAction\":[{\"@type\":\"SearchAction\",\"target\":{\"@type\":\"EntryPoint\",\"urlTemplate\":\"https:\/\/mooven4d.com.br\/default-install\/?s={search_term_string}\"},\"query-input\":{\"@type\":\"PropertyValueSpecification\",\"valueRequired\":true,\"valueName\":\"search_term_string\"}}],\"inLanguage\":\"pt-BR\"},{\"@type\":\"Organization\",\"@id\":\"https:\/\/mooven4d.com.br\/default-install\/#organization\",\"name\":\"Mooven 4D - Default Install\",\"url\":\"https:\/\/mooven4d.com.br\/default-install\/\",\"logo\":{\"@type\":\"ImageObject\",\"inLanguage\":\"pt-BR\",\"@id\":\"https:\/\/mooven4d.com.br\/default-install\/#\/schema\/logo\/image\/\",\"url\":\"https:\/\/mooven4d.com.br\/default-install\/wp-content\/uploads\/sites\/2\/2025\/05\/logo-4d-azul.svg\",\"contentUrl\":\"https:\/\/mooven4d.com.br\/default-install\/wp-content\/uploads\/sites\/2\/2025\/05\/logo-4d-azul.svg\",\"width\":578,\"height\":207,\"caption\":\"Mooven 4D - Default Install\"},\"image\":{\"@id\":\"https:\/\/mooven4d.com.br\/default-install\/#\/schema\/logo\/image\/\"}}]}<\/script>\n<!-- \/ Yoast SEO plugin. -->","yoast_head_json":{"title":"Lista priorizada - Mooven 4D - Default Install","robots":{"index":"index","follow":"follow","max-snippet":"max-snippet:-1","max-image-preview":"max-image-preview:large","max-video-preview":"max-video-preview:-1"},"canonical":"https:\/\/mooven4d.com.br\/default-install\/direcao\/lista-priorizada-de-entregas\/","og_locale":"pt_BR","og_type":"article","og_title":"Lista priorizada - Mooven 4D - Default Install","og_description":"Backlog de entregas Abaixo est\u00e3o organizadas todas as entregas planejadas para a transforma\u00e7ao da sua empresa Filtro Ver todosQuick WinCurto PrazoM\u00e9dio PrazoLongo Prazo Agendas realizadas","og_url":"https:\/\/mooven4d.com.br\/default-install\/direcao\/lista-priorizada-de-entregas\/","og_site_name":"Mooven 4D - Default Install","article_modified_time":"2025-05-19T15:46:49+00:00","twitter_card":"summary_large_image","schema":{"@context":"https:\/\/schema.org","@graph":[{"@type":"WebPage","@id":"https:\/\/mooven4d.com.br\/default-install\/direcao\/lista-priorizada-de-entregas\/","url":"https:\/\/mooven4d.com.br\/default-install\/direcao\/lista-priorizada-de-entregas\/","name":"Lista priorizada - Mooven 4D - Default Install","isPartOf":{"@id":"https:\/\/mooven4d.com.br\/default-install\/#website"},"datePublished":"2025-05-05T20:32:00+00:00","dateModified":"2025-05-19T15:46:49+00:00","breadcrumb":{"@id":"https:\/\/mooven4d.com.br\/default-install\/direcao\/lista-priorizada-de-entregas\/#breadcrumb"},"inLanguage":"pt-BR","potentialAction":[{"@type":"ReadAction","target":["https:\/\/mooven4d.com.br\/default-install\/direcao\/lista-priorizada-de-entregas\/"]}]},{"@type":"BreadcrumbList","@id":"https:\/\/mooven4d.com.br\/default-install\/direcao\/lista-priorizada-de-entregas\/#breadcrumb","itemListElement":[{"@type":"ListItem","position":1,"name":"Home","item":"https:\/\/mooven4d.com.br\/default-install\/"},{"@type":"ListItem","position":2,"name":"Dire\u00e7\u00e3o","item":"https:\/\/mooven4d.com.br\/default-install\/direcao\/"},{"@type":"ListItem","position":3,"name":"Lista priorizada"}]},{"@type":"WebSite","@id":"https:\/\/mooven4d.com.br\/default-install\/#website","url":"https:\/\/mooven4d.com.br\/default-install\/","name":"Mooven 4D - Default Install","description":"","publisher":{"@id":"https:\/\/mooven4d.com.br\/default-install\/#organization"},"potentialAction":[{"@type":"SearchAction","target":{"@type":"EntryPoint","urlTemplate":"https:\/\/mooven4d.com.br\/default-install\/?s={search_term_string}"},"query-input":{"@type":"PropertyValueSpecification","valueRequired":true,"valueName":"search_term_string"}}],"inLanguage":"pt-BR"},{"@type":"Organization","@id":"https:\/\/mooven4d.com.br\/default-install\/#organization","name":"Mooven 4D - Default Install","url":"https:\/\/mooven4d.com.br\/default-install\/","logo":{"@type":"ImageObject","inLanguage":"pt-BR","@id":"https:\/\/mooven4d.com.br\/default-install\/#\/schema\/logo\/image\/","url":"https:\/\/mooven4d.com.br\/default-install\/wp-content\/uploads\/sites\/2\/2025\/05\/logo-4d-azul.svg","contentUrl":"https:\/\/mooven4d.com.br\/default-install\/wp-content\/uploads\/sites\/2\/2025\/05\/logo-4d-azul.svg","width":578,"height":207,"caption":"Mooven 4D - Default Install"},"image":{"@id":"https:\/\/mooven4d.com.br\/default-install\/#\/schema\/logo\/image\/"}}]}},"_links":{"self":[{"href":"https:\/\/mooven4d.com.br\/default-install\/wp-json\/wp\/v2\/pages\/2316","targetHints":{"allow":["GET"]}}],"collection":[{"href":"https:\/\/mooven4d.com.br\/default-install\/wp-json\/wp\/v2\/pages"}],"about":[{"href":"https:\/\/mooven4d.com.br\/default-install\/wp-json\/wp\/v2\/types\/page"}],"author":[{"embeddable":true,"href":"https:\/\/mooven4d.com.br\/default-install\/wp-json\/wp\/v2\/users\/1"}],"replies":[{"embeddable":true,"href":"https:\/\/mooven4d.com.br\/default-install\/wp-json\/wp\/v2\/comments?post=2316"}],"version-history":[{"count":0,"href":"https:\/\/mooven4d.com.br\/default-install\/wp-json\/wp\/v2\/pages\/2316\/revisions"}],"up":[{"embeddable":true,"href":"https:\/\/mooven4d.com.br\/default-install\/wp-json\/wp\/v2\/pages\/2690"}],"wp:attachment":[{"href":"https:\/\/mooven4d.com.br\/default-install\/wp-json\/wp\/v2\/media?parent=2316"}],"curies":[{"name":"wp","href":"https:\/\/api.w.org\/{rel}","templated":true}]}}