{"id":3426,"date":"2025-05-17T12:10:54","date_gmt":"2025-05-17T15:10:54","guid":{"rendered":"https:\/\/mooven4d.com.br\/clinicasodo\/?page_id=3426"},"modified":"2025-05-20T10:04:09","modified_gmt":"2025-05-20T13:04:09","slug":"nova-avaliacao","status":"publish","type":"page","link":"https:\/\/mooven4d.com.br\/clinicasodo\/diagnostico\/nova-avaliacao\/","title":{"rendered":"Nova avalia\u00e7\u00e3o"},"content":{"rendered":"\t\t<div data-elementor-type=\"wp-page\" data-elementor-id=\"3426\" class=\"elementor elementor-3426\" data-elementor-post-type=\"page\">\n\t\t\t\t<div class=\"elementor-element elementor-element-b89ae9a e-con-full e-flex e-con e-parent\" data-id=\"b89ae9a\" data-element_type=\"container\">\n\t\t\t\t<div class=\"elementor-element elementor-element-d9b64e3 elementor-widget elementor-widget-template\" data-id=\"d9b64e3\" data-element_type=\"widget\" data-widget_type=\"template.default\">\n\t\t\t\t<div class=\"elementor-widget-container\">\n\t\t\t\t\t\t\t<div class=\"elementor-template\">\n\t\t\t\t\t<div data-elementor-type=\"error-404\" data-elementor-id=\"172\" class=\"elementor elementor-172\" data-elementor-post-type=\"elementor_library\">\n\t\t\t<div class=\"elementor-element elementor-element-2989411c e-con-full e-flex e-con e-parent\" data-id=\"2989411c\" data-element_type=\"container\" data-settings=\"{&quot;background_background&quot;:&quot;classic&quot;}\">\n\t\t<div class=\"elementor-element elementor-element-778c0615 e-con-full e-flex e-con e-child\" data-id=\"778c0615\" data-element_type=\"container\">\n\t\t<div class=\"elementor-element elementor-element-f931e3f e-con-full e-flex e-con e-child\" data-id=\"f931e3f\" data-element_type=\"container\">\n\t\t\t\t<div class=\"elementor-element elementor-element-2f4520b5 elementor-invisible elementor-widget elementor-widget-heading\" data-id=\"2f4520b5\" data-element_type=\"widget\" data-settings=\"{&quot;_animation&quot;:&quot;fadeIn&quot;}\" data-widget_type=\"heading.default\">\n\t\t\t\t<div class=\"elementor-widget-container\">\n\t\t\t\t\t<h1 class=\"elementor-heading-title elementor-size-default\">Oops...P\u00e1gina n\u00e3o encontrada<\/h1>\t\t\t\t<\/div>\n\t\t\t\t<\/div>\n\t\t\t\t<div class=\"elementor-element elementor-element-559ba1fb elementor-invisible elementor-widget elementor-widget-heading\" data-id=\"559ba1fb\" data-element_type=\"widget\" data-settings=\"{&quot;_animation&quot;:&quot;fadeIn&quot;,&quot;_animation_delay&quot;:200}\" data-widget_type=\"heading.default\">\n\t\t\t\t<div class=\"elementor-widget-container\">\n\t\t\t\t\t<h5 class=\"elementor-heading-title elementor-size-default\">A p\u00e1gina que voc\u00ea busca no momento est\u00e1 indispon\u00edvel ou inacess\u00edvel.<\/h5>\t\t\t\t<\/div>\n\t\t\t\t<\/div>\n\t\t\t\t<div class=\"elementor-element elementor-element-62262a90 elementor-tablet-align-center elementor-mobile-align-center elementor-invisible elementor-widget elementor-widget-button\" data-id=\"62262a90\" data-element_type=\"widget\" data-settings=\"{&quot;_animation&quot;:&quot;fadeIn&quot;,&quot;_animation_delay&quot;:400}\" data-widget_type=\"button.default\">\n\t\t\t\t<div class=\"elementor-widget-container\">\n\t\t\t\t\t\t\t\t\t<div class=\"elementor-button-wrapper\">\n\t\t\t\t\t<a class=\"elementor-button elementor-button-link elementor-size-sm\" href=\"https:\/\/mooven4d.com.br\/clinicasodo\">\n\t\t\t\t\t\t<span class=\"elementor-button-content-wrapper\">\n\t\t\t\t\t\t\t\t\t<span class=\"elementor-button-text\">Ir para a Home<\/span>\n\t\t\t\t\t<\/span>\n\t\t\t\t\t<\/a>\n\t\t\t\t<\/div>\n\t\t\t\t\t\t\t\t<\/div>\n\t\t\t\t<\/div>\n\t\t\t\t<\/div>\n\t\t\t\t<\/div>\n\t\t<div class=\"elementor-element elementor-element-7ffe0a1c e-con-full e-flex e-con e-child\" data-id=\"7ffe0a1c\" data-element_type=\"container\" data-settings=\"{&quot;background_background&quot;:&quot;classic&quot;}\">\n\t\t\t\t<div class=\"elementor-element elementor-element-edafde6 elementor-widget elementor-widget-theme-site-logo elementor-widget-image\" data-id=\"edafde6\" data-element_type=\"widget\" data-widget_type=\"theme-site-logo.default\">\n\t\t\t\t<div class=\"elementor-widget-container\">\n\t\t\t\t\t\t\t\t\t\t\t<a href=\"https:\/\/mooven4d.com.br\/clinicasodo\">\n\t\t\t<img fetchpriority=\"high\" decoding=\"async\" width=\"578\" height=\"207\" src=\"https:\/\/mooven4d.com.br\/clinicasodo\/wp-content\/uploads\/sites\/14\/2025\/05\/logo-4d-azul.svg\" class=\"attachment-full size-full wp-image-3565\" alt=\"\" \/>\t\t\t\t<\/a>\n\t\t\t\t\t\t\t\t\t\t\t<\/div>\n\t\t\t\t<\/div>\n\t\t\t\t<\/div>\n\t\t\t\t<\/div>\n\t\t\t\t<\/div>\n\t\t\t\t<\/div>\n\t\t\t\t\t\t<\/div>\n\t\t\t\t<\/div>\n\t\t\t\t<\/div>\n\t\t\t\t<\/div>\n\t\t","protected":false},"excerpt":{"rendered":"<p>Inclus\u00e3o &#8211; Nova avalia\u00e7\u00e3o Utilize o formul\u00e1rio abaixo para adicionar uma nova avalia\u00e7\u00e3o T\u00edtuloCont\u00e9udo Adicionar m\u00eddia WP File Download Visual Texto Report ConsolidadoReport DetalhadoAn\u00e1lises Selecionar tipo de postAn\u00e1lise Selecionar taxonomiaUncategorizedcontainererror-404footerheaderloop-itempagesingle-pagesingle-postGeral&#8211; Agendas&#8211; Dimens\u00f5es Adicionar<\/p>\n","protected":false},"author":1,"featured_media":0,"parent":53,"menu_order":0,"comment_status":"closed","ping_status":"closed","template":"","meta":{"_acf_changed":false,"footnotes":""},"class_list":["post-3426","page","type-page","status-publish","hentry"],"acf":[],"yoast_head":"<!-- This site is optimized with the Yoast SEO plugin v26.1.1 - https:\/\/yoast.com\/wordpress\/plugins\/seo\/ -->\n<title>Nova avalia\u00e7\u00e3o - Mooven 4D - Cl\u00ednicas Odo<\/title>\n<meta name=\"robots\" content=\"index, follow, max-snippet:-1, max-image-preview:large, max-video-preview:-1\" \/>\n<link rel=\"canonical\" href=\"https:\/\/mooven4d.com.br\/clinicasodo\/diagnostico\/nova-avaliacao\/\" \/>\n<meta property=\"og:locale\" content=\"pt_BR\" \/>\n<meta property=\"og:type\" content=\"article\" \/>\n<meta property=\"og:title\" content=\"Nova avalia\u00e7\u00e3o - Mooven 4D - Cl\u00ednicas Odo\" \/>\n<meta property=\"og:description\" content=\"Inclus\u00e3o &#8211; Nova avalia\u00e7\u00e3o Utilize o formul\u00e1rio abaixo para adicionar uma nova avalia\u00e7\u00e3o T\u00edtuloCont\u00e9udo Adicionar m\u00eddia WP File Download Visual Texto Report ConsolidadoReport DetalhadoAn\u00e1lises Selecionar tipo de postAn\u00e1lise Selecionar taxonomiaUncategorizedcontainererror-404footerheaderloop-itempagesingle-pagesingle-postGeral&#8211; Agendas&#8211; Dimens\u00f5es Adicionar\" \/>\n<meta property=\"og:url\" content=\"https:\/\/mooven4d.com.br\/clinicasodo\/diagnostico\/nova-avaliacao\/\" \/>\n<meta property=\"og:site_name\" content=\"Mooven 4D - Cl\u00ednicas Odo\" \/>\n<meta property=\"article:modified_time\" content=\"2025-05-20T13:04:09+00:00\" \/>\n<meta name=\"twitter:card\" content=\"summary_large_image\" \/>\n<script type=\"application\/ld+json\" class=\"yoast-schema-graph\">{\"@context\":\"https:\/\/schema.org\",\"@graph\":[{\"@type\":\"WebPage\",\"@id\":\"https:\/\/mooven4d.com.br\/clinicasodo\/diagnostico\/nova-avaliacao\/\",\"url\":\"https:\/\/mooven4d.com.br\/clinicasodo\/diagnostico\/nova-avaliacao\/\",\"name\":\"Nova avalia\u00e7\u00e3o - Mooven 4D - Cl\u00ednicas Odo\",\"isPartOf\":{\"@id\":\"https:\/\/mooven4d.com.br\/clinicasodo\/#website\"},\"datePublished\":\"2025-05-17T15:10:54+00:00\",\"dateModified\":\"2025-05-20T13:04:09+00:00\",\"breadcrumb\":{\"@id\":\"https:\/\/mooven4d.com.br\/clinicasodo\/diagnostico\/nova-avaliacao\/#breadcrumb\"},\"inLanguage\":\"pt-BR\",\"potentialAction\":[{\"@type\":\"ReadAction\",\"target\":[\"https:\/\/mooven4d.com.br\/clinicasodo\/diagnostico\/nova-avaliacao\/\"]}]},{\"@type\":\"BreadcrumbList\",\"@id\":\"https:\/\/mooven4d.com.br\/clinicasodo\/diagnostico\/nova-avaliacao\/#breadcrumb\",\"itemListElement\":[{\"@type\":\"ListItem\",\"position\":1,\"name\":\"Home\",\"item\":\"https:\/\/mooven4d.com.br\/clinicasodo\/\"},{\"@type\":\"ListItem\",\"position\":2,\"name\":\"Diagn\u00f3stico\",\"item\":\"https:\/\/mooven4d.com.br\/clinicasodo\/diagnostico\/\"},{\"@type\":\"ListItem\",\"position\":3,\"name\":\"Nova avalia\u00e7\u00e3o\"}]},{\"@type\":\"WebSite\",\"@id\":\"https:\/\/mooven4d.com.br\/clinicasodo\/#website\",\"url\":\"https:\/\/mooven4d.com.br\/clinicasodo\/\",\"name\":\"Mooven 4D - Cl\u00ednicas Odo\",\"description\":\"\",\"publisher\":{\"@id\":\"https:\/\/mooven4d.com.br\/clinicasodo\/#organization\"},\"potentialAction\":[{\"@type\":\"SearchAction\",\"target\":{\"@type\":\"EntryPoint\",\"urlTemplate\":\"https:\/\/mooven4d.com.br\/clinicasodo\/?s={search_term_string}\"},\"query-input\":{\"@type\":\"PropertyValueSpecification\",\"valueRequired\":true,\"valueName\":\"search_term_string\"}}],\"inLanguage\":\"pt-BR\"},{\"@type\":\"Organization\",\"@id\":\"https:\/\/mooven4d.com.br\/clinicasodo\/#organization\",\"name\":\"Mooven 4D - Cl\u00ednicas Odo\",\"url\":\"https:\/\/mooven4d.com.br\/clinicasodo\/\",\"logo\":{\"@type\":\"ImageObject\",\"inLanguage\":\"pt-BR\",\"@id\":\"https:\/\/mooven4d.com.br\/clinicasodo\/#\/schema\/logo\/image\/\",\"url\":\"https:\/\/mooven4d.com.br\/clinicasodo\/wp-content\/uploads\/sites\/14\/2025\/05\/logo-4d-azul.svg\",\"contentUrl\":\"https:\/\/mooven4d.com.br\/clinicasodo\/wp-content\/uploads\/sites\/14\/2025\/05\/logo-4d-azul.svg\",\"width\":578,\"height\":207,\"caption\":\"Mooven 4D - Cl\u00ednicas Odo\"},\"image\":{\"@id\":\"https:\/\/mooven4d.com.br\/clinicasodo\/#\/schema\/logo\/image\/\"}}]}<\/script>\n<!-- \/ Yoast SEO plugin. -->","yoast_head_json":{"title":"Nova avalia\u00e7\u00e3o - Mooven 4D - Cl\u00ednicas Odo","robots":{"index":"index","follow":"follow","max-snippet":"max-snippet:-1","max-image-preview":"max-image-preview:large","max-video-preview":"max-video-preview:-1"},"canonical":"https:\/\/mooven4d.com.br\/clinicasodo\/diagnostico\/nova-avaliacao\/","og_locale":"pt_BR","og_type":"article","og_title":"Nova avalia\u00e7\u00e3o - Mooven 4D - Cl\u00ednicas Odo","og_description":"Inclus\u00e3o &#8211; Nova avalia\u00e7\u00e3o Utilize o formul\u00e1rio abaixo para adicionar uma nova avalia\u00e7\u00e3o T\u00edtuloCont\u00e9udo Adicionar m\u00eddia WP File Download Visual Texto Report ConsolidadoReport DetalhadoAn\u00e1lises Selecionar tipo de postAn\u00e1lise Selecionar taxonomiaUncategorizedcontainererror-404footerheaderloop-itempagesingle-pagesingle-postGeral&#8211; Agendas&#8211; Dimens\u00f5es Adicionar","og_url":"https:\/\/mooven4d.com.br\/clinicasodo\/diagnostico\/nova-avaliacao\/","og_site_name":"Mooven 4D - Cl\u00ednicas Odo","article_modified_time":"2025-05-20T13:04:09+00:00","twitter_card":"summary_large_image","schema":{"@context":"https:\/\/schema.org","@graph":[{"@type":"WebPage","@id":"https:\/\/mooven4d.com.br\/clinicasodo\/diagnostico\/nova-avaliacao\/","url":"https:\/\/mooven4d.com.br\/clinicasodo\/diagnostico\/nova-avaliacao\/","name":"Nova avalia\u00e7\u00e3o - Mooven 4D - Cl\u00ednicas Odo","isPartOf":{"@id":"https:\/\/mooven4d.com.br\/clinicasodo\/#website"},"datePublished":"2025-05-17T15:10:54+00:00","dateModified":"2025-05-20T13:04:09+00:00","breadcrumb":{"@id":"https:\/\/mooven4d.com.br\/clinicasodo\/diagnostico\/nova-avaliacao\/#breadcrumb"},"inLanguage":"pt-BR","potentialAction":[{"@type":"ReadAction","target":["https:\/\/mooven4d.com.br\/clinicasodo\/diagnostico\/nova-avaliacao\/"]}]},{"@type":"BreadcrumbList","@id":"https:\/\/mooven4d.com.br\/clinicasodo\/diagnostico\/nova-avaliacao\/#breadcrumb","itemListElement":[{"@type":"ListItem","position":1,"name":"Home","item":"https:\/\/mooven4d.com.br\/clinicasodo\/"},{"@type":"ListItem","position":2,"name":"Diagn\u00f3stico","item":"https:\/\/mooven4d.com.br\/clinicasodo\/diagnostico\/"},{"@type":"ListItem","position":3,"name":"Nova avalia\u00e7\u00e3o"}]},{"@type":"WebSite","@id":"https:\/\/mooven4d.com.br\/clinicasodo\/#website","url":"https:\/\/mooven4d.com.br\/clinicasodo\/","name":"Mooven 4D - Cl\u00ednicas Odo","description":"","publisher":{"@id":"https:\/\/mooven4d.com.br\/clinicasodo\/#organization"},"potentialAction":[{"@type":"SearchAction","target":{"@type":"EntryPoint","urlTemplate":"https:\/\/mooven4d.com.br\/clinicasodo\/?s={search_term_string}"},"query-input":{"@type":"PropertyValueSpecification","valueRequired":true,"valueName":"search_term_string"}}],"inLanguage":"pt-BR"},{"@type":"Organization","@id":"https:\/\/mooven4d.com.br\/clinicasodo\/#organization","name":"Mooven 4D - Cl\u00ednicas Odo","url":"https:\/\/mooven4d.com.br\/clinicasodo\/","logo":{"@type":"ImageObject","inLanguage":"pt-BR","@id":"https:\/\/mooven4d.com.br\/clinicasodo\/#\/schema\/logo\/image\/","url":"https:\/\/mooven4d.com.br\/clinicasodo\/wp-content\/uploads\/sites\/14\/2025\/05\/logo-4d-azul.svg","contentUrl":"https:\/\/mooven4d.com.br\/clinicasodo\/wp-content\/uploads\/sites\/14\/2025\/05\/logo-4d-azul.svg","width":578,"height":207,"caption":"Mooven 4D - Cl\u00ednicas Odo"},"image":{"@id":"https:\/\/mooven4d.com.br\/clinicasodo\/#\/schema\/logo\/image\/"}}]}},"_links":{"self":[{"href":"https:\/\/mooven4d.com.br\/clinicasodo\/wp-json\/wp\/v2\/pages\/3426","targetHints":{"allow":["GET"]}}],"collection":[{"href":"https:\/\/mooven4d.com.br\/clinicasodo\/wp-json\/wp\/v2\/pages"}],"about":[{"href":"https:\/\/mooven4d.com.br\/clinicasodo\/wp-json\/wp\/v2\/types\/page"}],"author":[{"embeddable":true,"href":"https:\/\/mooven4d.com.br\/clinicasodo\/wp-json\/wp\/v2\/users\/1"}],"replies":[{"embeddable":true,"href":"https:\/\/mooven4d.com.br\/clinicasodo\/wp-json\/wp\/v2\/comments?post=3426"}],"version-history":[{"count":0,"href":"https:\/\/mooven4d.com.br\/clinicasodo\/wp-json\/wp\/v2\/pages\/3426\/revisions"}],"up":[{"embeddable":true,"href":"https:\/\/mooven4d.com.br\/clinicasodo\/wp-json\/wp\/v2\/pages\/53"}],"wp:attachment":[{"href":"https:\/\/mooven4d.com.br\/clinicasodo\/wp-json\/wp\/v2\/media?parent=3426"}],"curies":[{"name":"wp","href":"https:\/\/api.w.org\/{rel}","templated":true}]}}