{"id":3368,"date":"2025-05-14T20:59:47","date_gmt":"2025-05-14T23:59:47","guid":{"rendered":"https:\/\/mooven4d.com.br\/clinicasodo\/?page_id=3368"},"modified":"2025-05-14T21:18:23","modified_gmt":"2025-05-15T00:18:23","slug":"logout","status":"publish","type":"page","link":"https:\/\/mooven4d.com.br\/clinicasodo\/logout\/","title":{"rendered":"Logout"},"content":{"rendered":"\t\t<div data-elementor-type=\"wp-page\" data-elementor-id=\"3368\" class=\"elementor elementor-3368\" data-elementor-post-type=\"page\">\n\t\t\t\t<div class=\"elementor-element elementor-element-1959ff0 e-con-full e-flex e-con e-parent\" data-id=\"1959ff0\" data-element_type=\"container\">\n\t\t<div class=\"elementor-element elementor-element-8902e44 e-con-full e-flex e-con e-child\" data-id=\"8902e44\" data-element_type=\"container\">\n\t\t\t\t<div class=\"elementor-element elementor-element-7016d28 elementor-view-default elementor-widget elementor-widget-icon\" data-id=\"7016d28\" data-element_type=\"widget\" data-widget_type=\"icon.default\">\n\t\t\t\t<div class=\"elementor-widget-container\">\n\t\t\t\t\t\t\t<div class=\"elementor-icon-wrapper\">\n\t\t\t<div class=\"elementor-icon\">\n\t\t\t<svg aria-hidden=\"true\" class=\"e-font-icon-svg e-fas-door-open\" viewBox=\"0 0 640 512\" xmlns=\"http:\/\/www.w3.org\/2000\/svg\"><path d=\"M624 448h-80V113.45C544 86.19 522.47 64 496 64H384v64h96v384h144c8.84 0 16-7.16 16-16v-32c0-8.84-7.16-16-16-16zM312.24 1.01l-192 49.74C105.99 54.44 96 67.7 96 82.92V448H16c-8.84 0-16 7.16-16 16v32c0 8.84 7.16 16 16 16h336V33.18c0-21.58-19.56-37.41-39.76-32.17zM264 288c-13.25 0-24-14.33-24-32s10.75-32 24-32 24 14.33 24 32-10.75 32-24 32z\"><\/path><\/svg>\t\t\t<\/div>\n\t\t<\/div>\n\t\t\t\t\t\t<\/div>\n\t\t\t\t<\/div>\n\t\t\t\t<div class=\"elementor-element elementor-element-57e0270 elementor-widget elementor-widget-text-editor\" data-id=\"57e0270\" data-element_type=\"widget\" data-widget_type=\"text-editor.default\">\n\t\t\t\t<div class=\"elementor-widget-container\">\n\t\t\t\t\t\t\t\t\t<p>Clique no bot\u00e3o abaixo para encerrar a sua sess\u00e3o de trabalho.<\/p>\t\t\t\t\t\t\t\t<\/div>\n\t\t\t\t<\/div>\n\t\t\t\t<div class=\"elementor-element elementor-element-83c7aa7 elementor-widget elementor-widget-button\" data-id=\"83c7aa7\" data-element_type=\"widget\" data-widget_type=\"button.default\">\n\t\t\t\t<div class=\"elementor-widget-container\">\n\t\t\t\t\t\t\t\t\t<div class=\"elementor-button-wrapper\">\n\t\t\t\t\t<a class=\"elementor-button elementor-button-link elementor-size-sm\" href=\"https:\/\/mooven4d.com.br\/clinicasodo\/login\/?action=logout&#038;redirect_to=https%3A%2F%2Fmooven4d.com.br%2Fclinicasodo&#038;_wpnonce=ddd815555a\">\n\t\t\t\t\t\t<span class=\"elementor-button-content-wrapper\">\n\t\t\t\t\t\t\t\t\t<span class=\"elementor-button-text\">Sair<\/span>\n\t\t\t\t\t<\/span>\n\t\t\t\t\t<\/a>\n\t\t\t\t<\/div>\n\t\t\t\t\t\t\t\t<\/div>\n\t\t\t\t<\/div>\n\t\t\t\t<\/div>\n\t\t\t\t<div class=\"elementor-element elementor-element-c99a449 elementor-widget elementor-widget-button\" data-id=\"c99a449\" data-element_type=\"widget\" data-widget_type=\"button.default\">\n\t\t\t\t<div class=\"elementor-widget-container\">\n\t\t\t\t\t\t\t\t\t<div class=\"elementor-button-wrapper\">\n\t\t\t\t\t<a class=\"elementor-button elementor-button-link elementor-size-sm\" href=\"https:\/\/mooven4d.com.br\/clinicasodo\">\n\t\t\t\t\t\t<span class=\"elementor-button-content-wrapper\">\n\t\t\t\t\t\t\t\t\t<span class=\"elementor-button-text\">Clique aqui para retornar<\/span>\n\t\t\t\t\t<\/span>\n\t\t\t\t\t<\/a>\n\t\t\t\t<\/div>\n\t\t\t\t\t\t\t\t<\/div>\n\t\t\t\t<\/div>\n\t\t\t\t<\/div>\n\t\t\t\t<\/div>\n\t\t","protected":false},"excerpt":{"rendered":"<p>Clique no bot\u00e3o abaixo para encerrar a sua sess\u00e3o de trabalho. Sair Clique aqui para retornar<\/p>\n","protected":false},"author":1,"featured_media":0,"parent":0,"menu_order":0,"comment_status":"closed","ping_status":"closed","template":"elementor_canvas","meta":{"_acf_changed":false,"footnotes":""},"class_list":["post-3368","page","type-page","status-publish","hentry"],"acf":[],"yoast_head":"<!-- This site is optimized with the Yoast SEO plugin v26.1.1 - https:\/\/yoast.com\/wordpress\/plugins\/seo\/ -->\n<title>Logout - Mooven 4D - Cl\u00ednicas Odo<\/title>\n<meta name=\"robots\" content=\"index, follow, max-snippet:-1, max-image-preview:large, max-video-preview:-1\" \/>\n<link rel=\"canonical\" href=\"https:\/\/mooven4d.com.br\/clinicasodo\/logout\/\" \/>\n<meta property=\"og:locale\" content=\"pt_BR\" \/>\n<meta property=\"og:type\" content=\"article\" \/>\n<meta property=\"og:title\" content=\"Logout - Mooven 4D - Cl\u00ednicas Odo\" \/>\n<meta property=\"og:description\" content=\"Clique no bot\u00e3o abaixo para encerrar a sua sess\u00e3o de trabalho. Sair Clique aqui para retornar\" \/>\n<meta property=\"og:url\" content=\"https:\/\/mooven4d.com.br\/clinicasodo\/logout\/\" \/>\n<meta property=\"og:site_name\" content=\"Mooven 4D - Cl\u00ednicas Odo\" \/>\n<meta property=\"article:modified_time\" content=\"2025-05-15T00:18:23+00:00\" \/>\n<meta name=\"twitter:card\" content=\"summary_large_image\" \/>\n<script type=\"application\/ld+json\" class=\"yoast-schema-graph\">{\"@context\":\"https:\/\/schema.org\",\"@graph\":[{\"@type\":\"WebPage\",\"@id\":\"https:\/\/mooven4d.com.br\/clinicasodo\/logout\/\",\"url\":\"https:\/\/mooven4d.com.br\/clinicasodo\/logout\/\",\"name\":\"Logout - Mooven 4D - Cl\u00ednicas Odo\",\"isPartOf\":{\"@id\":\"https:\/\/mooven4d.com.br\/clinicasodo\/#website\"},\"datePublished\":\"2025-05-14T23:59:47+00:00\",\"dateModified\":\"2025-05-15T00:18:23+00:00\",\"breadcrumb\":{\"@id\":\"https:\/\/mooven4d.com.br\/clinicasodo\/logout\/#breadcrumb\"},\"inLanguage\":\"pt-BR\",\"potentialAction\":[{\"@type\":\"ReadAction\",\"target\":[\"https:\/\/mooven4d.com.br\/clinicasodo\/logout\/\"]}]},{\"@type\":\"BreadcrumbList\",\"@id\":\"https:\/\/mooven4d.com.br\/clinicasodo\/logout\/#breadcrumb\",\"itemListElement\":[{\"@type\":\"ListItem\",\"position\":1,\"name\":\"Home\",\"item\":\"https:\/\/mooven4d.com.br\/clinicasodo\/\"},{\"@type\":\"ListItem\",\"position\":2,\"name\":\"Logout\"}]},{\"@type\":\"WebSite\",\"@id\":\"https:\/\/mooven4d.com.br\/clinicasodo\/#website\",\"url\":\"https:\/\/mooven4d.com.br\/clinicasodo\/\",\"name\":\"Mooven 4D - Cl\u00ednicas Odo\",\"description\":\"\",\"publisher\":{\"@id\":\"https:\/\/mooven4d.com.br\/clinicasodo\/#organization\"},\"potentialAction\":[{\"@type\":\"SearchAction\",\"target\":{\"@type\":\"EntryPoint\",\"urlTemplate\":\"https:\/\/mooven4d.com.br\/clinicasodo\/?s={search_term_string}\"},\"query-input\":{\"@type\":\"PropertyValueSpecification\",\"valueRequired\":true,\"valueName\":\"search_term_string\"}}],\"inLanguage\":\"pt-BR\"},{\"@type\":\"Organization\",\"@id\":\"https:\/\/mooven4d.com.br\/clinicasodo\/#organization\",\"name\":\"Mooven 4D - Cl\u00ednicas Odo\",\"url\":\"https:\/\/mooven4d.com.br\/clinicasodo\/\",\"logo\":{\"@type\":\"ImageObject\",\"inLanguage\":\"pt-BR\",\"@id\":\"https:\/\/mooven4d.com.br\/clinicasodo\/#\/schema\/logo\/image\/\",\"url\":\"https:\/\/mooven4d.com.br\/clinicasodo\/wp-content\/uploads\/sites\/14\/2025\/05\/logo-4d-azul.svg\",\"contentUrl\":\"https:\/\/mooven4d.com.br\/clinicasodo\/wp-content\/uploads\/sites\/14\/2025\/05\/logo-4d-azul.svg\",\"width\":578,\"height\":207,\"caption\":\"Mooven 4D - Cl\u00ednicas Odo\"},\"image\":{\"@id\":\"https:\/\/mooven4d.com.br\/clinicasodo\/#\/schema\/logo\/image\/\"}}]}<\/script>\n<!-- \/ Yoast SEO plugin. -->","yoast_head_json":{"title":"Logout - Mooven 4D - Cl\u00ednicas Odo","robots":{"index":"index","follow":"follow","max-snippet":"max-snippet:-1","max-image-preview":"max-image-preview:large","max-video-preview":"max-video-preview:-1"},"canonical":"https:\/\/mooven4d.com.br\/clinicasodo\/logout\/","og_locale":"pt_BR","og_type":"article","og_title":"Logout - Mooven 4D - Cl\u00ednicas Odo","og_description":"Clique no bot\u00e3o abaixo para encerrar a sua sess\u00e3o de trabalho. Sair Clique aqui para retornar","og_url":"https:\/\/mooven4d.com.br\/clinicasodo\/logout\/","og_site_name":"Mooven 4D - Cl\u00ednicas Odo","article_modified_time":"2025-05-15T00:18:23+00:00","twitter_card":"summary_large_image","schema":{"@context":"https:\/\/schema.org","@graph":[{"@type":"WebPage","@id":"https:\/\/mooven4d.com.br\/clinicasodo\/logout\/","url":"https:\/\/mooven4d.com.br\/clinicasodo\/logout\/","name":"Logout - Mooven 4D - Cl\u00ednicas Odo","isPartOf":{"@id":"https:\/\/mooven4d.com.br\/clinicasodo\/#website"},"datePublished":"2025-05-14T23:59:47+00:00","dateModified":"2025-05-15T00:18:23+00:00","breadcrumb":{"@id":"https:\/\/mooven4d.com.br\/clinicasodo\/logout\/#breadcrumb"},"inLanguage":"pt-BR","potentialAction":[{"@type":"ReadAction","target":["https:\/\/mooven4d.com.br\/clinicasodo\/logout\/"]}]},{"@type":"BreadcrumbList","@id":"https:\/\/mooven4d.com.br\/clinicasodo\/logout\/#breadcrumb","itemListElement":[{"@type":"ListItem","position":1,"name":"Home","item":"https:\/\/mooven4d.com.br\/clinicasodo\/"},{"@type":"ListItem","position":2,"name":"Logout"}]},{"@type":"WebSite","@id":"https:\/\/mooven4d.com.br\/clinicasodo\/#website","url":"https:\/\/mooven4d.com.br\/clinicasodo\/","name":"Mooven 4D - Cl\u00ednicas Odo","description":"","publisher":{"@id":"https:\/\/mooven4d.com.br\/clinicasodo\/#organization"},"potentialAction":[{"@type":"SearchAction","target":{"@type":"EntryPoint","urlTemplate":"https:\/\/mooven4d.com.br\/clinicasodo\/?s={search_term_string}"},"query-input":{"@type":"PropertyValueSpecification","valueRequired":true,"valueName":"search_term_string"}}],"inLanguage":"pt-BR"},{"@type":"Organization","@id":"https:\/\/mooven4d.com.br\/clinicasodo\/#organization","name":"Mooven 4D - Cl\u00ednicas Odo","url":"https:\/\/mooven4d.com.br\/clinicasodo\/","logo":{"@type":"ImageObject","inLanguage":"pt-BR","@id":"https:\/\/mooven4d.com.br\/clinicasodo\/#\/schema\/logo\/image\/","url":"https:\/\/mooven4d.com.br\/clinicasodo\/wp-content\/uploads\/sites\/14\/2025\/05\/logo-4d-azul.svg","contentUrl":"https:\/\/mooven4d.com.br\/clinicasodo\/wp-content\/uploads\/sites\/14\/2025\/05\/logo-4d-azul.svg","width":578,"height":207,"caption":"Mooven 4D - Cl\u00ednicas Odo"},"image":{"@id":"https:\/\/mooven4d.com.br\/clinicasodo\/#\/schema\/logo\/image\/"}}]}},"_links":{"self":[{"href":"https:\/\/mooven4d.com.br\/clinicasodo\/wp-json\/wp\/v2\/pages\/3368","targetHints":{"allow":["GET"]}}],"collection":[{"href":"https:\/\/mooven4d.com.br\/clinicasodo\/wp-json\/wp\/v2\/pages"}],"about":[{"href":"https:\/\/mooven4d.com.br\/clinicasodo\/wp-json\/wp\/v2\/types\/page"}],"author":[{"embeddable":true,"href":"https:\/\/mooven4d.com.br\/clinicasodo\/wp-json\/wp\/v2\/users\/1"}],"replies":[{"embeddable":true,"href":"https:\/\/mooven4d.com.br\/clinicasodo\/wp-json\/wp\/v2\/comments?post=3368"}],"version-history":[{"count":0,"href":"https:\/\/mooven4d.com.br\/clinicasodo\/wp-json\/wp\/v2\/pages\/3368\/revisions"}],"wp:attachment":[{"href":"https:\/\/mooven4d.com.br\/clinicasodo\/wp-json\/wp\/v2\/media?parent=3368"}],"curies":[{"name":"wp","href":"https:\/\/api.w.org\/{rel}","templated":true}]}}