{"id":2333,"date":"2025-05-05T18:12:27","date_gmt":"2025-05-05T21:12:27","guid":{"rendered":"https:\/\/mooven4d.com.br\/clinicasodo\/?page_id=2333"},"modified":"2025-05-21T18:28:04","modified_gmt":"2025-05-21T21:28:04","slug":"home","status":"publish","type":"page","link":"https:\/\/mooven4d.com.br\/clinicasodo\/","title":{"rendered":"Home"},"content":{"rendered":"\t\t<div data-elementor-type=\"wp-page\" data-elementor-id=\"2333\" class=\"elementor elementor-2333\" data-elementor-post-type=\"page\">\n\t\t\t\t<div class=\"elementor-element elementor-element-e146e84 e-con-full e-flex e-con e-parent\" data-id=\"e146e84\" data-element_type=\"container\">\n\t\t\t\t<div class=\"elementor-element elementor-element-528c0d3 elementor-widget__width-initial elementor-absolute elementor-hidden-tablet elementor-hidden-mobile elementor-widget elementor-widget-theme-site-logo elementor-widget-image\" data-id=\"528c0d3\" data-element_type=\"widget\" data-settings=\"{&quot;_position&quot;:&quot;absolute&quot;}\" data-widget_type=\"theme-site-logo.default\">\n\t\t\t\t<div class=\"elementor-widget-container\">\n\t\t\t\t\t\t\t\t\t\t\t<img fetchpriority=\"high\" decoding=\"async\" width=\"578\" height=\"207\" src=\"https:\/\/mooven4d.com.br\/clinicasodo\/wp-content\/uploads\/sites\/14\/2025\/05\/logo-4d-azul.svg\" class=\"attachment-full size-full wp-image-3565\" alt=\"\" \/>\t\t\t\t\t\t\t\t\t\t\t\t<\/div>\n\t\t\t\t<\/div>\n\t\t<div class=\"elementor-element elementor-element-1ad223f e-con-full e-flex e-con e-child\" data-id=\"1ad223f\" data-element_type=\"container\">\n\t\t\t\t<div class=\"elementor-element elementor-element-90058af elementor-widget__width-initial elementor-hidden-desktop elementor-widget elementor-widget-theme-site-logo elementor-widget-image\" data-id=\"90058af\" data-element_type=\"widget\" data-widget_type=\"theme-site-logo.default\">\n\t\t\t\t<div class=\"elementor-widget-container\">\n\t\t\t\t\t\t\t\t\t\t\t<img fetchpriority=\"high\" decoding=\"async\" width=\"578\" height=\"207\" src=\"https:\/\/mooven4d.com.br\/clinicasodo\/wp-content\/uploads\/sites\/14\/2025\/05\/logo-4d-azul.svg\" class=\"attachment-full size-full wp-image-3565\" alt=\"\" \/>\t\t\t\t\t\t\t\t\t\t\t\t<\/div>\n\t\t\t\t<\/div>\n\t\t<div class=\"elementor-element elementor-element-3ddf80d e-con-full e-flex e-con e-child\" data-id=\"3ddf80d\" data-element_type=\"container\">\n\t\t\t\t<div class=\"elementor-element elementor-element-a216dae elementor-widget elementor-widget-heading\" data-id=\"a216dae\" data-element_type=\"widget\" data-widget_type=\"heading.default\">\n\t\t\t\t<div class=\"elementor-widget-container\">\n\t\t\t\t\t<h5 class=\"elementor-heading-title elementor-size-default\">Login<\/h5>\t\t\t\t<\/div>\n\t\t\t\t<\/div>\n\t\t\t\t<div class=\"elementor-element elementor-element-f10c3fb elementor-widget elementor-widget-text-editor\" data-id=\"f10c3fb\" data-element_type=\"widget\" data-widget_type=\"text-editor.default\">\n\t\t\t\t<div class=\"elementor-widget-container\">\n\t\t\t\t\t\t\t\t\t<p>Preencha o formul\u00e1rio para acessar o sistema.<\/p>\t\t\t\t\t\t\t\t<\/div>\n\t\t\t\t<\/div>\n\t\t\t\t<\/div>\n\t\t\t\t<div class=\"elementor-element elementor-element-7695d67 elementor-widget elementor-widget-login\" data-id=\"7695d67\" data-element_type=\"widget\" data-widget_type=\"login.default\">\n\t\t\t\t<div class=\"elementor-widget-container\">\n\t\t\t\t\t\t\t<form class=\"elementor-login elementor-form\" method=\"post\" action=\"https:\/\/mooven4d.com.br\/clinicasodo\/login\/\" aria-label=\"Login form\">\n\t\t\t<input type=\"hidden\" name=\"redirect_to\" value=\"\/clinicasodo\/wp-json\/wp\/v2\/pages\/2333\">\n\t\t\t<div class=\"elementor-form-fields-wrapper\">\n\t\t\t\t<div class=\"elementor-field-type-text elementor-field-group elementor-column elementor-col-100 elementor-field-required\">\n\t\t\t\t\t<label for=\"user-7695d67\" class=\"elementor-field-label\">Nome de usu\u00e1rio ou endere\u00e7o de e-mail<\/label>\n\t\t\t\t\t<input size=\"1\" type=\"text\" name=\"log\" id=\"user-7695d67\" placeholder=\"\" class=\"elementor-field elementor-field-textual elementor-size-sm\">\n\t\t\t\t<\/div>\n\t\t\t\t<div class=\"elementor-field-type-text elementor-field-group elementor-column elementor-col-100 elementor-field-required\">\n\t\t\t\t\t<label for=\"password-7695d67\" class=\"elementor-field-label\">Senha<\/label>\n\t\t\t\t\t<input size=\"1\" type=\"password\" name=\"pwd\" id=\"password-7695d67\" placeholder=\"\" class=\"elementor-field elementor-field-textual elementor-size-sm\">\n\t\t\t\t<\/div>\n\n\t\t\t\t\t\t\t\t\t<div class=\"elementor-field-type-checkbox elementor-field-group elementor-column elementor-col-100 elementor-remember-me\">\n\t\t\t\t\t\t<label for=\"elementor-login-remember-me\">\n\t\t\t\t\t\t\t<input type=\"checkbox\" id=\"elementor-login-remember-me\" name=\"rememberme\" value=\"forever\">\n\t\t\t\t\t\t\tLembrar-me\t\t\t\t\t\t<\/label>\n\t\t\t\t\t<\/div>\n\t\t\t\t\n\t\t\t\t<div class=\"elementor-field-group elementor-column elementor-field-type-submit elementor-col-100\">\n\t\t\t\t\t<button type=\"submit\" class=\"elementor-size-sm elementor-button\" name=\"wp-submit\">\n\t\t\t\t\t\t\t\t\t\t\t\t\t\t\t<span class=\"elementor-button-text\">Entrar<\/span>\n\t\t\t\t\t\t\t\t\t\t\t\t<\/button>\n\t\t\t\t<\/div>\n\n\t\t\t\t\t\t\t\t\t<div class=\"elementor-field-group elementor-column elementor-col-100\">\n\t\t\t\t\t\t\t\t\t\t\t\t\t\t\t\t\t\t\t\t<a class=\"elementor-lost-password\" href=\"https:\/\/mooven4d.com.br\/clinicasodo\/login\/?action=lostpassword&redirect_to=%2Fclinicasodo%2Fwp-json%2Fwp%2Fv2%2Fpages%2F2333\">\n\t\t\t\t\t\t\t\tEsqueceu sua senha?\t\t\t\t\t\t\t<\/a>\n\t\t\t\t\t\t\n\t\t\t\t\t\t\t\t\t\t\t<\/div>\n\t\t\t\t\t\t\t<\/div>\n\t\t<\/form>\n\t\t\t\t\t\t<\/div>\n\t\t\t\t<\/div>\n\t\t\t\t<\/div>\n\t\t\t\t<\/div>\n\t\t\t\t<\/div>\n\t\t","protected":false},"excerpt":{"rendered":"<p>Vis\u00e3o geral Acesse de forma r\u00e1pida as principais informa\u00e7\u00f5es da plataforma. Score por dimens\u00e3o Uma vis\u00e3o consolidada do resultado da \u00faltima avalia\u00e7\u00e3o realizada Detalhamento por dimens\u00e3o Confira as \u00faltimas informa\u00e7\u00f5es de cada uma das 15 dimens\u00f5es de trabalho Login Preencha o formul\u00e1rio para acessar o sistema.<\/p>\n","protected":false},"author":1,"featured_media":0,"parent":0,"menu_order":0,"comment_status":"closed","ping_status":"closed","template":"","meta":{"_acf_changed":false,"footnotes":""},"class_list":["post-2333","page","type-page","status-publish","hentry"],"acf":[],"yoast_head":"<!-- This site is optimized with the Yoast SEO plugin v26.1.1 - https:\/\/yoast.com\/wordpress\/plugins\/seo\/ -->\n<title>Home - Mooven 4D - Cl\u00ednicas Odo<\/title>\n<meta name=\"robots\" content=\"index, follow, max-snippet:-1, max-image-preview:large, max-video-preview:-1\" \/>\n<link rel=\"canonical\" href=\"https:\/\/mooven4d.com.br\/clinicasodo\/\" \/>\n<meta property=\"og:locale\" content=\"pt_BR\" \/>\n<meta property=\"og:type\" content=\"article\" \/>\n<meta property=\"og:title\" content=\"Home - Mooven 4D - Cl\u00ednicas Odo\" \/>\n<meta property=\"og:description\" content=\"Vis\u00e3o geral Acesse de forma r\u00e1pida as principais informa\u00e7\u00f5es da plataforma. Score por dimens\u00e3o Uma vis\u00e3o consolidada do resultado da \u00faltima avalia\u00e7\u00e3o realizada Detalhamento por dimens\u00e3o Confira as \u00faltimas informa\u00e7\u00f5es de cada uma das 15 dimens\u00f5es de trabalho Login Preencha o formul\u00e1rio para acessar o sistema.\" \/>\n<meta property=\"og:url\" content=\"https:\/\/mooven4d.com.br\/clinicasodo\/\" \/>\n<meta property=\"og:site_name\" content=\"Mooven 4D - Cl\u00ednicas Odo\" \/>\n<meta property=\"article:modified_time\" content=\"2025-05-21T21:28:04+00:00\" \/>\n<meta name=\"twitter:card\" content=\"summary_large_image\" \/>\n<script type=\"application\/ld+json\" class=\"yoast-schema-graph\">{\"@context\":\"https:\/\/schema.org\",\"@graph\":[{\"@type\":\"WebPage\",\"@id\":\"https:\/\/mooven4d.com.br\/clinicasodo\/\",\"url\":\"https:\/\/mooven4d.com.br\/clinicasodo\/\",\"name\":\"Home - Mooven 4D - Cl\u00ednicas Odo\",\"isPartOf\":{\"@id\":\"https:\/\/mooven4d.com.br\/clinicasodo\/#website\"},\"datePublished\":\"2025-05-05T21:12:27+00:00\",\"dateModified\":\"2025-05-21T21:28:04+00:00\",\"breadcrumb\":{\"@id\":\"https:\/\/mooven4d.com.br\/clinicasodo\/#breadcrumb\"},\"inLanguage\":\"pt-BR\",\"potentialAction\":[{\"@type\":\"ReadAction\",\"target\":[\"https:\/\/mooven4d.com.br\/clinicasodo\/\"]}]},{\"@type\":\"BreadcrumbList\",\"@id\":\"https:\/\/mooven4d.com.br\/clinicasodo\/#breadcrumb\",\"itemListElement\":[{\"@type\":\"ListItem\",\"position\":1,\"name\":\"Home\",\"item\":\"https:\/\/mooven4d.com.br\/clinicasodo\/\"},{\"@type\":\"ListItem\",\"position\":2,\"name\":\"Home\"}]},{\"@type\":\"WebSite\",\"@id\":\"https:\/\/mooven4d.com.br\/clinicasodo\/#website\",\"url\":\"https:\/\/mooven4d.com.br\/clinicasodo\/\",\"name\":\"Mooven 4D - Cl\u00ednicas Odo\",\"description\":\"\",\"publisher\":{\"@id\":\"https:\/\/mooven4d.com.br\/clinicasodo\/#organization\"},\"potentialAction\":[{\"@type\":\"SearchAction\",\"target\":{\"@type\":\"EntryPoint\",\"urlTemplate\":\"https:\/\/mooven4d.com.br\/clinicasodo\/?s={search_term_string}\"},\"query-input\":{\"@type\":\"PropertyValueSpecification\",\"valueRequired\":true,\"valueName\":\"search_term_string\"}}],\"inLanguage\":\"pt-BR\"},{\"@type\":\"Organization\",\"@id\":\"https:\/\/mooven4d.com.br\/clinicasodo\/#organization\",\"name\":\"Mooven 4D - Cl\u00ednicas Odo\",\"url\":\"https:\/\/mooven4d.com.br\/clinicasodo\/\",\"logo\":{\"@type\":\"ImageObject\",\"inLanguage\":\"pt-BR\",\"@id\":\"https:\/\/mooven4d.com.br\/clinicasodo\/#\/schema\/logo\/image\/\",\"url\":\"https:\/\/mooven4d.com.br\/clinicasodo\/wp-content\/uploads\/sites\/14\/2025\/05\/logo-4d-azul.svg\",\"contentUrl\":\"https:\/\/mooven4d.com.br\/clinicasodo\/wp-content\/uploads\/sites\/14\/2025\/05\/logo-4d-azul.svg\",\"width\":578,\"height\":207,\"caption\":\"Mooven 4D - Cl\u00ednicas Odo\"},\"image\":{\"@id\":\"https:\/\/mooven4d.com.br\/clinicasodo\/#\/schema\/logo\/image\/\"}}]}<\/script>\n<!-- \/ Yoast SEO plugin. -->","yoast_head_json":{"title":"Home - Mooven 4D - Cl\u00ednicas Odo","robots":{"index":"index","follow":"follow","max-snippet":"max-snippet:-1","max-image-preview":"max-image-preview:large","max-video-preview":"max-video-preview:-1"},"canonical":"https:\/\/mooven4d.com.br\/clinicasodo\/","og_locale":"pt_BR","og_type":"article","og_title":"Home - Mooven 4D - Cl\u00ednicas Odo","og_description":"Vis\u00e3o geral Acesse de forma r\u00e1pida as principais informa\u00e7\u00f5es da plataforma. Score por dimens\u00e3o Uma vis\u00e3o consolidada do resultado da \u00faltima avalia\u00e7\u00e3o realizada Detalhamento por dimens\u00e3o Confira as \u00faltimas informa\u00e7\u00f5es de cada uma das 15 dimens\u00f5es de trabalho Login Preencha o formul\u00e1rio para acessar o sistema.","og_url":"https:\/\/mooven4d.com.br\/clinicasodo\/","og_site_name":"Mooven 4D - Cl\u00ednicas Odo","article_modified_time":"2025-05-21T21:28:04+00:00","twitter_card":"summary_large_image","schema":{"@context":"https:\/\/schema.org","@graph":[{"@type":"WebPage","@id":"https:\/\/mooven4d.com.br\/clinicasodo\/","url":"https:\/\/mooven4d.com.br\/clinicasodo\/","name":"Home - Mooven 4D - Cl\u00ednicas Odo","isPartOf":{"@id":"https:\/\/mooven4d.com.br\/clinicasodo\/#website"},"datePublished":"2025-05-05T21:12:27+00:00","dateModified":"2025-05-21T21:28:04+00:00","breadcrumb":{"@id":"https:\/\/mooven4d.com.br\/clinicasodo\/#breadcrumb"},"inLanguage":"pt-BR","potentialAction":[{"@type":"ReadAction","target":["https:\/\/mooven4d.com.br\/clinicasodo\/"]}]},{"@type":"BreadcrumbList","@id":"https:\/\/mooven4d.com.br\/clinicasodo\/#breadcrumb","itemListElement":[{"@type":"ListItem","position":1,"name":"Home","item":"https:\/\/mooven4d.com.br\/clinicasodo\/"},{"@type":"ListItem","position":2,"name":"Home"}]},{"@type":"WebSite","@id":"https:\/\/mooven4d.com.br\/clinicasodo\/#website","url":"https:\/\/mooven4d.com.br\/clinicasodo\/","name":"Mooven 4D - Cl\u00ednicas Odo","description":"","publisher":{"@id":"https:\/\/mooven4d.com.br\/clinicasodo\/#organization"},"potentialAction":[{"@type":"SearchAction","target":{"@type":"EntryPoint","urlTemplate":"https:\/\/mooven4d.com.br\/clinicasodo\/?s={search_term_string}"},"query-input":{"@type":"PropertyValueSpecification","valueRequired":true,"valueName":"search_term_string"}}],"inLanguage":"pt-BR"},{"@type":"Organization","@id":"https:\/\/mooven4d.com.br\/clinicasodo\/#organization","name":"Mooven 4D - Cl\u00ednicas Odo","url":"https:\/\/mooven4d.com.br\/clinicasodo\/","logo":{"@type":"ImageObject","inLanguage":"pt-BR","@id":"https:\/\/mooven4d.com.br\/clinicasodo\/#\/schema\/logo\/image\/","url":"https:\/\/mooven4d.com.br\/clinicasodo\/wp-content\/uploads\/sites\/14\/2025\/05\/logo-4d-azul.svg","contentUrl":"https:\/\/mooven4d.com.br\/clinicasodo\/wp-content\/uploads\/sites\/14\/2025\/05\/logo-4d-azul.svg","width":578,"height":207,"caption":"Mooven 4D - Cl\u00ednicas Odo"},"image":{"@id":"https:\/\/mooven4d.com.br\/clinicasodo\/#\/schema\/logo\/image\/"}}]}},"_links":{"self":[{"href":"https:\/\/mooven4d.com.br\/clinicasodo\/wp-json\/wp\/v2\/pages\/2333","targetHints":{"allow":["GET"]}}],"collection":[{"href":"https:\/\/mooven4d.com.br\/clinicasodo\/wp-json\/wp\/v2\/pages"}],"about":[{"href":"https:\/\/mooven4d.com.br\/clinicasodo\/wp-json\/wp\/v2\/types\/page"}],"author":[{"embeddable":true,"href":"https:\/\/mooven4d.com.br\/clinicasodo\/wp-json\/wp\/v2\/users\/1"}],"replies":[{"embeddable":true,"href":"https:\/\/mooven4d.com.br\/clinicasodo\/wp-json\/wp\/v2\/comments?post=2333"}],"version-history":[{"count":0,"href":"https:\/\/mooven4d.com.br\/clinicasodo\/wp-json\/wp\/v2\/pages\/2333\/revisions"}],"wp:attachment":[{"href":"https:\/\/mooven4d.com.br\/clinicasodo\/wp-json\/wp\/v2\/media?parent=2333"}],"curies":[{"name":"wp","href":"https:\/\/api.w.org\/{rel}","templated":true}]}}